{"id":1264,"date":"2025-11-03T23:40:28","date_gmt":"2025-11-03T23:40:28","guid":{"rendered":"https:\/\/coet.pe\/?page_id=1264"},"modified":"2025-11-05T04:46:50","modified_gmt":"2025-11-05T04:46:50","slug":"retail","status":"publish","type":"page","link":"https:\/\/coet.pe\/index.php\/retail\/","title":{"rendered":"Retail"},"content":{"rendered":"\n<div class=\"wp-block-stackable-columns stk-block-columns stk-block stk-5af5fe0\" data-block-id=\"5af5fe0\"><style>.stk-5af5fe0 {margin-top:50px !important;}@media screen and (max-width:999px){.stk-5af5fe0 .stk--block-align-5af5fe0{align-items:center !important;}}<\/style><div class=\"stk-row stk-inner-blocks stk--block-align-5af5fe0 stk-block-content stk-content-align stk-5af5fe0-column\">\n<div class=\"wp-block-stackable-column stk-block-column stk-column stk-block stk-cdbb0c9\" data-v=\"4\" data-block-id=\"cdbb0c9\"><style>@media screen and (min-width:690px) and (max-width:999px){.stk-cdbb0c9 {flex:var(--stk-flex-grow, 1) 1 calc(50% - var(--stk-column-gap, 0px) * 1 \/ 2 ) !important;}}<\/style><div class=\"stk-column-wrapper stk-block-column__content stk-container stk-cdbb0c9-container stk--no-background stk--no-padding\"><div class=\"stk-block-content stk-inner-blocks stk-cdbb0c9-inner-blocks\">\n<div class=\"wp-block-stackable-image stk-block-image stk-block stk-e2debc5\" data-block-id=\"e2debc5\"><style>.stk-e2debc5 {margin-bottom:20px !important;}.stk-e2debc5 .stk-img-wrapper{aspect-ratio:4\/3 !important;height:auto !important;}.stk-e2debc5 .stk-img-wrapper img{object-position:52% 12% !important;}@media screen and (max-width:999px){.stk-e2debc5 .stk-img-wrapper{height:auto !important;}}@media screen and (max-width:689px){.stk-e2debc5 .stk-img-wrapper{height:auto !important;}}<\/style><figure><span class=\"stk-img-wrapper stk-image--shape-stretch\"><img loading=\"lazy\" decoding=\"async\" class=\"stk-img wp-image-1330\" src=\"https:\/\/coet.pe\/wp-content\/uploads\/2025\/11\/retail.webp\" width=\"994\" height=\"910\" srcset=\"https:\/\/coet.pe\/wp-content\/uploads\/2025\/11\/retail.webp 994w, https:\/\/coet.pe\/wp-content\/uploads\/2025\/11\/retail-300x275.webp 300w, https:\/\/coet.pe\/wp-content\/uploads\/2025\/11\/retail-768x703.webp 768w\" sizes=\"auto, (max-width: 994px) 100vw, 994px\" \/><\/span><\/figure><\/div>\n\n\n\n<div class=\"wp-block-stackable-text stk-block-text stk-block stk-6a2c1a0\" data-block-id=\"6a2c1a0\"><style>.stk-6a2c1a0 .stk-block-text__text{font-size:20px !important;}@media screen and (max-width:999px){.stk-6a2c1a0 .stk-block-text__text{font-size:20px !important;}}<\/style><p class=\"stk-block-text__text has-text-align-center\"><strong>NUESTRA TECNOLOGIA EN VENTA RETAIL TE OFRECE LAS HERRAMIENTAS Y SOLUCIONES NECESARIAS PARA POTENCIAR TUS VENTAS, OPTIMIZAR LA GESTION DE INVENTARIO Y BRINDAR UNA EXPERIENCIA DE COMPRA EXCEPCIONAL A TUS CLIENTES.<\/strong><\/p><\/div>\n<\/div><\/div><\/div>\n\n\n\n<div class=\"wp-block-stackable-column stk-block-column stk-column stk-block stk-1a290c9\" data-v=\"4\" data-block-id=\"1a290c9\"><style>.stk-1a290c9-inner-blocks{justify-content:space-evenly !important;}@media screen and (min-width:690px) and (max-width:999px){.stk-1a290c9 {flex:var(--stk-flex-grow, 1) 1 calc(50% - var(--stk-column-gap, 0px) * 1 \/ 2 ) !important;}}<\/style><div class=\"stk-column-wrapper stk-block-column__content stk-container stk-1a290c9-container stk--no-background stk--no-padding\"><div class=\"has-text-align-left-mobile stk--column-flex stk-block-content stk-inner-blocks stk-1a290c9-inner-blocks\">\n<div class=\"wp-block-stackable-heading stk-block-heading stk-block-heading--v2 stk-block stk-557bbc9\" id=\"retail\" data-block-id=\"557bbc9\"><style>.stk-557bbc9 {margin-left:40px !important;}<\/style><h2 class=\"stk-block-heading__text has-text-align-left has-text-align-center-mobile\">RETAIL<\/h2><\/div>\n\n\n\n<div class=\"wp-block-stackable-text stk-block-text stk-block stk-fbacd70\" data-block-id=\"fbacd70\"><style>.stk-fbacd70 {margin-right:40px !important;margin-left:40px !important;}.stk-fbacd70 .stk-block-text__text{font-size:20px !important;}@media screen and (max-width:999px){.stk-fbacd70 .stk-block-text__text{font-size:20px !important;}}@media screen and (max-width:689px){.stk-fbacd70 {margin-right:0px !important;margin-left:0px !important;}}<\/style><p class=\"stk-block-text__text has-text-align-justify\">Optimiza tu negocio con nuestras soluciones tecnol\u00f3gicas de atenci\u00f3n remota, equipamiento y carteler\u00eda digital brindando flexibilidad, escalabilidad e innovaci\u00f3n a tu negocio.<\/p><\/div>\n\n\n\n<div class=\"wp-block-stackable-columns stk-block-columns stk-block stk-44119c5\" data-block-id=\"44119c5\"><div class=\"stk-row stk-inner-blocks stk-block-content stk-content-align stk-44119c5-column\">\n<div class=\"wp-block-stackable-column stk-block-column stk-column stk-block stk-6a5f52c\" data-v=\"4\" data-block-id=\"6a5f52c\"><style>.stk-6a5f52c {align-self:flex-start !important;}@media screen and (min-width:690px){.stk-6a5f52c {flex:var(--stk-flex-grow, 1) 1 calc(30% - var(--stk-column-gap, 0px) * 1 \/ 2 ) !important;}}<\/style><div class=\"stk-column-wrapper stk-block-column__content stk-container stk-6a5f52c-container stk--no-background stk--no-padding\"><div class=\"stk-block-content stk-inner-blocks stk-6a5f52c-inner-blocks\">\n<div class=\"wp-block-stackable-image stk-block-image has-text-align-center-mobile stk-block stk-978b036\" data-block-id=\"978b036\"><style>.stk-978b036 .stk-img-wrapper img{filter:opacity(0.4) !important;transform:scale(0.8) !important;}@media screen and (max-width:689px){.stk-978b036 .stk-img-wrapper{width:100px !important;}}<\/style><figure><span class=\"stk-img-wrapper stk-image--shape-stretch\"><img loading=\"lazy\" decoding=\"async\" class=\"stk-img wp-image-1334\" src=\"https:\/\/coet.pe\/wp-content\/uploads\/2025\/11\/carrito-3cfad9.svg\" width=\"505\" height=\"483\"\/><\/span><\/figure><\/div>\n<\/div><\/div><\/div>\n\n\n\n<div class=\"wp-block-stackable-column stk-block-column stk-column stk-block stk-4e165b5\" data-v=\"4\" data-block-id=\"4e165b5\"><style>@media screen and (min-width:690px){.stk-4e165b5 {flex:var(--stk-flex-grow, 1) 1 calc(70% - var(--stk-column-gap, 0px) * 1 \/ 2 ) !important;}}<\/style><div class=\"stk-column-wrapper stk-block-column__content stk-container stk-4e165b5-container stk--no-background stk--no-padding\"><div class=\"stk-block-content stk-inner-blocks stk-4e165b5-inner-blocks\">\n<div class=\"wp-block-stackable-text stk-block-text stk-block stk-dfbe266\" data-block-id=\"dfbe266\"><p class=\"stk-block-text__text\"><strong>SISTEMA POS<br>AUTOSERVICIOS<br>SOFTWARE DE PUNTO DE VENTA<br>IMPRESORAS POS<br>CARTELER\u00cdA DIGITAL INDOOR<br>CARTELER\u00cdA DIGITAL OUTDOOR<\/strong><\/p><\/div>\n\n\n\n<div class=\"wp-block-stackable-button-group stk-block-button-group stk-block stk-a21489f\" data-block-id=\"a21489f\"><div class=\"stk-row stk-inner-blocks stk-block-content stk-button-group\">\n<div class=\"wp-block-stackable-button stk-block-button stk-block stk-35e33a5\" data-block-id=\"35e33a5\"><style>.stk-35e33a5 , .stk-35e33a5 .stk-button{width:100% !important;}.stk-35e33a5 {flex:1 0 var(--stk-button-group-flex-wrap, 0) !important;}.stk-35e33a5 .stk-button{background:#08154a !important;}<\/style><a class=\"stk-link stk-button stk--hover-effect-darken\" href=\"\"><span class=\"stk-button__inner-text\">SOLICITA INFORMACI\u00d3N<\/span><\/a><\/div>\n<\/div><\/div>\n<\/div><\/div><\/div>\n<\/div><\/div>\n<\/div><\/div><\/div>\n<\/div><\/div>\n\n\n\n<p><\/p>\n","protected":false},"excerpt":{"rendered":"<p>NUESTRA TECNOLOGIA EN VENTA RETAIL TE OFRECE LAS HERRAMIENTAS Y SOLUCIONES NECESARIAS PARA POTENCIAR TUS VENTAS, OPTIMIZAR LA GESTION DE INVENTARIO Y BRINDAR UNA EXPERIENCIA DE COMPRA EXCEPCIONAL A TUS CLIENTES. RETAIL Optimiza tu negocio con nuestras soluciones tecnol\u00f3gicas de atenci\u00f3n remota, equipamiento y carteler\u00eda digital brindando flexibilidad, escalabilidad e innovaci\u00f3n a tu negocio. SISTEMA [&hellip;]<\/p>\n","protected":false},"author":2,"featured_media":0,"parent":0,"menu_order":0,"comment_status":"closed","ping_status":"closed","template":"","meta":{"_themeisle_gutenberg_block_has_review":false,"footnotes":""},"class_list":["post-1264","page","type-page","status-publish","hentry"],"blocksy_meta":{"has_hero_section":"disabled","styles_descriptor":{"styles":{"desktop":"","tablet":"","mobile":""},"google_fonts":[],"version":6}},"_links":{"self":[{"href":"https:\/\/coet.pe\/index.php\/wp-json\/wp\/v2\/pages\/1264","targetHints":{"allow":["GET"]}}],"collection":[{"href":"https:\/\/coet.pe\/index.php\/wp-json\/wp\/v2\/pages"}],"about":[{"href":"https:\/\/coet.pe\/index.php\/wp-json\/wp\/v2\/types\/page"}],"author":[{"embeddable":true,"href":"https:\/\/coet.pe\/index.php\/wp-json\/wp\/v2\/users\/2"}],"replies":[{"embeddable":true,"href":"https:\/\/coet.pe\/index.php\/wp-json\/wp\/v2\/comments?post=1264"}],"version-history":[{"count":25,"href":"https:\/\/coet.pe\/index.php\/wp-json\/wp\/v2\/pages\/1264\/revisions"}],"predecessor-version":[{"id":1519,"href":"https:\/\/coet.pe\/index.php\/wp-json\/wp\/v2\/pages\/1264\/revisions\/1519"}],"wp:attachment":[{"href":"https:\/\/coet.pe\/index.php\/wp-json\/wp\/v2\/media?parent=1264"}],"curies":[{"name":"wp","href":"https:\/\/api.w.org\/{rel}","templated":true}]}}