{"id":1260,"date":"2025-11-03T23:39:05","date_gmt":"2025-11-03T23:39:05","guid":{"rendered":"https:\/\/coet.pe\/?page_id=1260"},"modified":"2025-11-05T04:15:41","modified_gmt":"2025-11-05T04:15:41","slug":"corporativo","status":"publish","type":"page","link":"https:\/\/coet.pe\/index.php\/corporativo\/","title":{"rendered":"Corporativo"},"content":{"rendered":"\n<div class=\"wp-block-stackable-columns alignwide stk-block-columns stk-block stk-82e4995\" data-block-id=\"82e4995\"><style>.stk-82e4995 .stk--block-align-82e4995{align-items:center !important;}.stk-82e4995 {align-items:center !important;padding-top:60px !important;display:flex !important;}<\/style><div class=\"stk-row stk-inner-blocks stk--block-align-82e4995 stk-block-content stk-content-align stk-82e4995-column alignwide\">\n<div class=\"wp-block-stackable-column stk-block-column stk-column stk-block stk-e1ff96c\" data-v=\"4\" data-block-id=\"e1ff96c\"><div class=\"stk-column-wrapper stk-block-column__content stk-container stk-e1ff96c-container stk--no-background stk--no-padding\"><div class=\"stk-block-content stk-inner-blocks stk-e1ff96c-inner-blocks\">\n<div class=\"wp-block-stackable-image stk-block-image stk-block stk-4124acd\" data-block-id=\"4124acd\"><figure><span class=\"stk-img-wrapper stk-image--shape-stretch\"><img loading=\"lazy\" decoding=\"async\" class=\"stk-img wp-image-1269\" src=\"https:\/\/coet.pe\/wp-content\/uploads\/2025\/11\/corporativo.webp\" width=\"1157\" height=\"861\" srcset=\"https:\/\/coet.pe\/wp-content\/uploads\/2025\/11\/corporativo.webp 1157w, https:\/\/coet.pe\/wp-content\/uploads\/2025\/11\/corporativo-300x223.webp 300w, https:\/\/coet.pe\/wp-content\/uploads\/2025\/11\/corporativo-1024x762.webp 1024w, https:\/\/coet.pe\/wp-content\/uploads\/2025\/11\/corporativo-768x572.webp 768w\" sizes=\"auto, (max-width: 1157px) 100vw, 1157px\" \/><\/span><\/figure><\/div>\n<\/div><\/div><\/div>\n\n\n\n<div class=\"wp-block-stackable-column stk-block-column stk-column stk-block stk-9c2425f\" data-v=\"4\" data-block-id=\"9c2425f\"><style>.stk-9c2425f {padding-right:50px !important;}@media screen and (max-width:999px){.stk-9c2425f {padding-right:0px !important;}}@media screen and (max-width:689px){.stk-9c2425f {padding-right:0px !important;}}<\/style><div class=\"stk-column-wrapper stk-block-column__content stk-container stk-9c2425f-container stk--no-background stk--no-padding\"><div class=\"stk-block-content stk-inner-blocks stk-9c2425f-inner-blocks\">\n<div class=\"wp-block-stackable-heading stk-block-heading stk-block-heading--v2 stk-block stk-b0976f7\" id=\"corporativo\" data-block-id=\"b0976f7\"><style>.stk-b0976f7 {padding-top:19px !important;}<\/style><h2 class=\"stk-block-heading__text\">CORPORATIVO<\/h2><\/div>\n\n\n\n<div class=\"wp-block-stackable-text stk-block-text stk-block stk-14b8234\" data-block-id=\"14b8234\"><style>.stk-14b8234 .stk-block-text__text{font-size:18px !important;}@media screen and (max-width:999px){.stk-14b8234 .stk-block-text__text{font-size:18px !important;}}<\/style><p class=\"stk-block-text__text has-text-align-justify\"><strong>Explore nuestras soluciones dise\u00f1adas para potenciar su empresa con lo \u00faltimo en tecnolog\u00eda digital.<\/strong><\/p><\/div>\n\n\n\n<div class=\"wp-block-stackable-columns stk-block-columns stk-block stk-d12aab6\" data-block-id=\"d12aab6\"><div class=\"stk-row stk-inner-blocks stk-block-content stk-content-align stk-d12aab6-column\">\n<div class=\"wp-block-stackable-column stk-block-column stk-column stk-block stk-148445b\" data-v=\"4\" data-block-id=\"148445b\"><style>@media screen and (min-width:690px) and (max-width:999px){.stk-148445b {flex:var(--stk-flex-grow, 1) 1 calc(100% - var(--stk-column-gap, 0px) * 0 \/ 1 ) !important;}}@media screen and (max-width:999px){.stk-148445b-inner-blocks{align-items:center !important;}}@media screen and (max-width:689px){.stk-148445b-inner-blocks{align-items:center !important;}}<\/style><div class=\"stk-column-wrapper stk-block-column__content stk-container stk-148445b-container stk--no-background stk--no-padding\"><div class=\"has-text-align-center stk-block-content stk-inner-blocks stk-148445b-inner-blocks\">\n<div class=\"wp-block-stackable-image stk-block-image has-text-align-right stk-block stk-82f0186\" data-block-id=\"82f0186\"><style>.stk-82f0186 {align-items:flex-start !important;padding-left:53px !important;display:flex !important;}.stk-82f0186 .stk-img-wrapper img{filter:blur(0px) opacity(0.4) !important;}@media screen and (max-width:999px){.stk-82f0186 {padding-left:0px !important;}.stk-82f0186 .stk-img-wrapper{width:100px !important;}}@media screen and (max-width:689px){.stk-82f0186 {padding-left:0px !important;}.stk-82f0186 .stk-img-wrapper{width:100px !important;}}<\/style><figure><span class=\"stk-img-wrapper stk-image--shape-stretch\"><img loading=\"lazy\" decoding=\"async\" class=\"stk-img wp-image-1476\" src=\"https:\/\/coet.pe\/wp-content\/uploads\/2025\/11\/banner2-150x150.png\" width=\"150\" height=\"150\" srcset=\"https:\/\/coet.pe\/wp-content\/uploads\/2025\/11\/banner2-150x150.png 150w, https:\/\/coet.pe\/wp-content\/uploads\/2025\/11\/banner2-300x300.png 300w, https:\/\/coet.pe\/wp-content\/uploads\/2025\/11\/banner2.png 512w\" sizes=\"auto, (max-width: 150px) 100vw, 150px\" \/><\/span><\/figure><\/div>\n<\/div><\/div><\/div>\n\n\n\n<div class=\"wp-block-stackable-column stk-block-column stk-column stk-block stk-f4d67ba\" data-v=\"4\" data-block-id=\"f4d67ba\"><style>@media screen and (min-width:690px) and (max-width:999px){.stk-f4d67ba {flex:var(--stk-flex-grow, 1) 1 calc(100% - var(--stk-column-gap, 0px) * 0 \/ 1 ) !important;}}<\/style><div class=\"stk-column-wrapper stk-block-column__content stk-container stk-f4d67ba-container stk--no-background stk--no-padding\"><div class=\"stk-block-content stk-inner-blocks stk-f4d67ba-inner-blocks\">\n<div class=\"wp-block-stackable-heading stk-block-heading stk-block-heading--v2 stk-block stk-3e7e541\" id=\"meeting-room\" data-block-id=\"3e7e541\"><style>.stk-3e7e541 {margin-bottom:0px !important;}.stk-3e7e541 .stk-block-heading__text{font-size:20px !important;}@media screen and (max-width:999px){.stk-3e7e541 {margin-bottom:0px !important;}.stk-3e7e541 .stk-block-heading__text{font-size:20px !important;}}<\/style><h4 class=\"stk-block-heading__text has-text-align-center\">MEETING ROOM<\/h4><\/div>\n\n\n\n<div class=\"wp-block-stackable-text stk-block-text stk-block stk-e7a4641\" data-block-id=\"e7a4641\"><style>.stk-e7a4641 .stk-block-text__text{font-size:12px !important;}@media screen and (max-width:999px){.stk-e7a4641 .stk-block-text__text{font-size:12px !important;}}<\/style><p class=\"stk-block-text__text has-text-align-justify\">La tecnolog\u00eda digital, con pantallas interactivas, crean un espacio que potencia la colaboraci\u00f3n y la eficiencia en cada reuni\u00f3n, transformando la manera en que compartimos ideas y tomamos decisiones.<\/p><\/div>\n\n\n\n<div class=\"wp-block-stackable-button-group stk-block-button-group stk-block stk-3d06c8a\" data-block-id=\"3d06c8a\"><style>.stk-3d06c8a .stk-block-button, .stk-3d06c8a .stk-block-icon-button{flex:1 0 0% !important;}<\/style><div class=\"stk-row stk-inner-blocks stk-block-content stk-button-group\">\n<div class=\"wp-block-stackable-button stk-block-button stk-block stk-e18ce9e\" data-block-id=\"e18ce9e\"><style>.stk-e18ce9e .stk-button{background:#08154a !important;}<\/style><a class=\"stk-link stk-button stk--hover-effect-darken\" href=\"\"><span class=\"stk-button__inner-text\">SOLICITA INFORMACI\u00d3N<\/span><\/a><\/div>\n<\/div><\/div>\n<\/div><\/div><\/div>\n<\/div><\/div>\n<\/div><\/div><\/div>\n<\/div><\/div>\n\n\n\n<div class=\"wp-block-stackable-columns alignfull stk-block-columns stk-block stk-e60a28a\" data-block-id=\"e60a28a\"><div class=\"stk-row stk-inner-blocks stk-block-content stk-content-align stk-e60a28a-column alignfull\">\n<div class=\"wp-block-stackable-column stk-block-column stk-column stk-block stk-94e26b4\" data-v=\"4\" data-block-id=\"94e26b4\"><style>@media screen and (min-width:690px){.stk-94e26b4 {flex:var(--stk-flex-grow, 1) 1 25% !important;}}@media screen and (min-width:690px) and (max-width:999px){.stk-94e26b4 {flex:var(--stk-flex-grow, 1) 1 calc(50% - var(--stk-column-gap, 0px) * 1 \/ 2 ) !important;}}<\/style><div class=\"stk-column-wrapper stk-block-column__content stk-container stk-94e26b4-container stk--no-background stk--no-padding\"><div class=\"stk-block-content stk-inner-blocks stk-94e26b4-inner-blocks\">\n<div class=\"wp-block-stackable-heading stk-block-heading stk-block-heading--v2 stk-block stk-935024c\" id=\"big-room\" data-block-id=\"935024c\"><style>.stk-935024c {margin-bottom:0px !important;}.stk-935024c .stk-block-heading__text{font-size:20px !important;}@media screen and (max-width:999px){.stk-935024c .stk-block-heading__text{font-size:20px !important;}}<\/style><h4 class=\"stk-block-heading__text has-text-align-center\">BIG ROOM<\/h4><\/div>\n\n\n\n<div class=\"wp-block-stackable-columns stk-block-columns stk-block stk-b7bd5db\" data-block-id=\"b7bd5db\"><style>.stk-b7bd5db .stk--block-align-b7bd5db{align-items:center !important;}<\/style><div class=\"stk-row stk-inner-blocks stk--block-align-b7bd5db stk-block-content stk-content-align stk-b7bd5db-column\">\n<div class=\"wp-block-stackable-column stk-block-column stk-column stk-block stk-63ada00\" data-v=\"4\" data-block-id=\"63ada00\"><style>@media screen and (min-width:690px){.stk-63ada00 {flex:var(--stk-flex-grow, 1) 1 calc(35% - var(--stk-column-gap, 0px) * 1 \/ 2 ) !important;}}<\/style><div class=\"stk-column-wrapper stk-block-column__content stk-container stk-63ada00-container stk--no-background stk--no-padding\"><div class=\"stk-block-content stk-inner-blocks stk-63ada00-inner-blocks\">\n<div class=\"wp-block-stackable-image stk-block-image stk-block stk-426552f\" data-block-id=\"426552f\"><style>.stk-426552f .stk-img-wrapper img{filter:opacity(0.5) !important;}@media screen and (max-width:689px){.stk-426552f .stk-img-wrapper{width:100px !important;}}<\/style><figure><span class=\"stk-img-wrapper stk-image--shape-stretch\"><img loading=\"lazy\" decoding=\"async\" class=\"stk-img wp-image-1478\" src=\"https:\/\/coet.pe\/wp-content\/uploads\/2025\/11\/banner3-150x150.png\" width=\"150\" height=\"150\" srcset=\"https:\/\/coet.pe\/wp-content\/uploads\/2025\/11\/banner3-150x150.png 150w, https:\/\/coet.pe\/wp-content\/uploads\/2025\/11\/banner3-300x300.png 300w, https:\/\/coet.pe\/wp-content\/uploads\/2025\/11\/banner3.png 512w\" sizes=\"auto, (max-width: 150px) 100vw, 150px\" \/><\/span><\/figure><\/div>\n<\/div><\/div><\/div>\n\n\n\n<div class=\"wp-block-stackable-column stk-block-column stk-column stk-block stk-476dd67\" data-v=\"4\" data-block-id=\"476dd67\"><style>@media screen and (min-width:690px){.stk-476dd67 {flex:var(--stk-flex-grow, 1) 1 calc(65% - var(--stk-column-gap, 0px) * 1 \/ 2 ) !important;}}<\/style><div class=\"stk-column-wrapper stk-block-column__content stk-container stk-476dd67-container stk--no-background stk--no-padding\"><div class=\"stk-block-content stk-inner-blocks stk-476dd67-inner-blocks\">\n<div class=\"wp-block-stackable-text stk-block-text stk-block stk-5d5a7bd\" data-block-id=\"5d5a7bd\"><style>.stk-5d5a7bd .stk-block-text__text{font-size:12px !important;}@media screen and (max-width:999px){.stk-5d5a7bd .stk-block-text__text{font-size:12px !important;}}<\/style><p class=\"stk-block-text__text has-text-align-justify\">Tecnolog\u00eda para salas de reuniones grandes que garantizan una experiencia visual y auditiva inigualable impulsando la productividad y el compromiso de los participantes<\/p><\/div>\n<\/div><\/div><\/div>\n<\/div><\/div>\n<\/div><\/div><\/div>\n\n\n\n<div class=\"wp-block-stackable-column stk-block-column stk-column stk-block stk-7cb94eb\" data-v=\"4\" data-block-id=\"7cb94eb\"><style>@media screen and (min-width:690px){.stk-7cb94eb {flex:var(--stk-flex-grow, 1) 1 25% !important;}}@media screen and (min-width:690px) and (max-width:999px){.stk-7cb94eb {flex:var(--stk-flex-grow, 1) 1 calc(50% - var(--stk-column-gap, 0px) * 1 \/ 2 ) !important;}}<\/style><div class=\"stk-column-wrapper stk-block-column__content stk-container stk-7cb94eb-container stk--no-background stk--no-padding\"><div class=\"stk-block-content stk-inner-blocks stk-7cb94eb-inner-blocks\">\n<div class=\"wp-block-stackable-heading stk-block-heading stk-block-heading--v2 stk-block stk-fd1ab95\" id=\"salas-de-control\" data-block-id=\"fd1ab95\"><style>.stk-fd1ab95 {margin-bottom:0px !important;}.stk-fd1ab95 .stk-block-heading__text{font-size:20px !important;}@media screen and (max-width:999px){.stk-fd1ab95 .stk-block-heading__text{font-size:20px !important;}}<\/style><h4 class=\"stk-block-heading__text has-text-align-center\">SALAS DE CONTROL<\/h4><\/div>\n\n\n\n<div class=\"wp-block-stackable-columns stk-block-columns stk-block stk-1979678\" data-block-id=\"1979678\"><style>.stk-1979678 .stk--block-align-1979678{align-items:center !important;}<\/style><div class=\"stk-row stk-inner-blocks stk--block-align-1979678 stk-block-content stk-content-align stk-1979678-column\">\n<div class=\"wp-block-stackable-column stk-block-column stk-column stk-block stk-0412a54\" data-v=\"4\" data-block-id=\"0412a54\"><style>@media screen and (min-width:690px){.stk-0412a54 {flex:var(--stk-flex-grow, 1) 1 calc(35% - var(--stk-column-gap, 0px) * 1 \/ 2 ) !important;}}<\/style><div class=\"stk-column-wrapper stk-block-column__content stk-container stk-0412a54-container stk--no-background stk--no-padding\"><div class=\"stk-block-content stk-inner-blocks stk-0412a54-inner-blocks\">\n<div class=\"wp-block-stackable-image stk-block-image stk-block stk-5f2ee45\" data-block-id=\"5f2ee45\"><style>.stk-5f2ee45 .stk-img-wrapper img{filter:opacity(0.5) !important;}@media screen and (max-width:689px){.stk-5f2ee45 .stk-img-wrapper{width:100px !important;}}<\/style><figure><span class=\"stk-img-wrapper stk-image--shape-stretch\"><img loading=\"lazy\" decoding=\"async\" class=\"stk-img wp-image-1481\" src=\"https:\/\/coet.pe\/wp-content\/uploads\/2025\/11\/control-150x150.png\" width=\"150\" height=\"150\" srcset=\"https:\/\/coet.pe\/wp-content\/uploads\/2025\/11\/control-150x150.png 150w, https:\/\/coet.pe\/wp-content\/uploads\/2025\/11\/control-300x300.png 300w, https:\/\/coet.pe\/wp-content\/uploads\/2025\/11\/control.png 512w\" sizes=\"auto, (max-width: 150px) 100vw, 150px\" \/><\/span><\/figure><\/div>\n<\/div><\/div><\/div>\n\n\n\n<div class=\"wp-block-stackable-column stk-block-column stk-column stk-block stk-a7e9492\" data-v=\"4\" data-block-id=\"a7e9492\"><style>@media screen and (min-width:690px){.stk-a7e9492 {flex:var(--stk-flex-grow, 1) 1 calc(65% - var(--stk-column-gap, 0px) * 1 \/ 2 ) !important;}}<\/style><div class=\"stk-column-wrapper stk-block-column__content stk-container stk-a7e9492-container stk--no-background stk--no-padding\"><div class=\"stk-block-content stk-inner-blocks stk-a7e9492-inner-blocks\">\n<div class=\"wp-block-stackable-text stk-block-text stk-block stk-410a841\" data-block-id=\"410a841\"><style>.stk-410a841 .stk-block-text__text{font-size:12px !important;}@media screen and (max-width:999px){.stk-410a841 .stk-block-text__text{font-size:12px !important;}}<\/style><p class=\"stk-block-text__text has-text-align-justify\">Salas de control modernas, con pantallas de alta resoluci\u00f3n que ofrecen una visi\u00f3n integral y en tiempo real de las operaciones, facilitando una gesti\u00f3n eficiente y efectiva de los sistemas y procesos cr\u00edticos.<\/p><\/div>\n<\/div><\/div><\/div>\n<\/div><\/div>\n<\/div><\/div><\/div>\n\n\n\n<div class=\"wp-block-stackable-column stk-block-column stk-column stk-block stk-0896bfa\" data-v=\"4\" data-block-id=\"0896bfa\"><style>@media screen and (min-width:690px){.stk-0896bfa {flex:var(--stk-flex-grow, 1) 1 25% !important;}}@media screen and (min-width:690px) and (max-width:999px){.stk-0896bfa {flex:var(--stk-flex-grow, 1) 1 calc(50% - var(--stk-column-gap, 0px) * 1 \/ 2 ) !important;}}<\/style><div class=\"stk-column-wrapper stk-block-column__content stk-container stk-0896bfa-container stk--no-background stk--no-padding\"><div class=\"stk-block-content stk-inner-blocks stk-0896bfa-inner-blocks\">\n<div class=\"wp-block-stackable-heading stk-block-heading stk-block-heading--v2 stk-block stk-5ac47bf\" id=\"carteleria-digital\" data-block-id=\"5ac47bf\"><style>.stk-5ac47bf {margin-bottom:0px !important;}.stk-5ac47bf .stk-block-heading__text{font-size:20px !important;}@media screen and (max-width:999px){.stk-5ac47bf .stk-block-heading__text{font-size:20px !important;}}<\/style><h4 class=\"stk-block-heading__text has-text-align-center\">CARTELER\u00cdA DIGITAL<\/h4><\/div>\n\n\n\n<div class=\"wp-block-stackable-columns stk-block-columns stk-block stk-989dd3a\" data-block-id=\"989dd3a\"><style>.stk-989dd3a .stk--block-align-989dd3a{align-items:center !important;}<\/style><div class=\"stk-row stk-inner-blocks stk--block-align-989dd3a stk-block-content stk-content-align stk-989dd3a-column\">\n<div class=\"wp-block-stackable-column stk-block-column stk-column stk-block stk-339e7e0\" data-v=\"4\" data-block-id=\"339e7e0\"><style>@media screen and (min-width:690px){.stk-339e7e0 {flex:var(--stk-flex-grow, 1) 1 calc(35% - var(--stk-column-gap, 0px) * 1 \/ 2 ) !important;}}<\/style><div class=\"stk-column-wrapper stk-block-column__content stk-container stk-339e7e0-container stk--no-background stk--no-padding\"><div class=\"stk-block-content stk-inner-blocks stk-339e7e0-inner-blocks\">\n<div class=\"wp-block-stackable-image stk-block-image stk-block stk-edec8f3\" data-block-id=\"edec8f3\"><style>.stk-edec8f3 .stk-img-wrapper img{filter:opacity(0.4) !important;}@media screen and (max-width:689px){.stk-edec8f3 .stk-img-wrapper{width:100px !important;}}<\/style><figure><span class=\"stk-img-wrapper stk-image--shape-stretch\"><img loading=\"lazy\" decoding=\"async\" class=\"stk-img wp-image-1477\" src=\"https:\/\/coet.pe\/wp-content\/uploads\/2025\/11\/banner1-150x150.png\" width=\"150\" height=\"150\" srcset=\"https:\/\/coet.pe\/wp-content\/uploads\/2025\/11\/banner1-150x150.png 150w, https:\/\/coet.pe\/wp-content\/uploads\/2025\/11\/banner1-300x300.png 300w, https:\/\/coet.pe\/wp-content\/uploads\/2025\/11\/banner1.png 512w\" sizes=\"auto, (max-width: 150px) 100vw, 150px\" \/><\/span><\/figure><\/div>\n<\/div><\/div><\/div>\n\n\n\n<div class=\"wp-block-stackable-column stk-block-column stk-column stk-block stk-c775d0b\" data-v=\"4\" data-block-id=\"c775d0b\"><style>@media screen and (min-width:690px){.stk-c775d0b {flex:var(--stk-flex-grow, 1) 1 calc(65% - var(--stk-column-gap, 0px) * 1 \/ 2 ) !important;}}<\/style><div class=\"stk-column-wrapper stk-block-column__content stk-container stk-c775d0b-container stk--no-background stk--no-padding\"><div class=\"stk-block-content stk-inner-blocks stk-c775d0b-inner-blocks\">\n<div class=\"wp-block-stackable-text stk-block-text stk-block stk-b409370\" data-block-id=\"b409370\"><style>.stk-b409370 .stk-block-text__text{font-size:12px !important;}@media screen and (max-width:999px){.stk-b409370 .stk-block-text__text{font-size:12px !important;}}<\/style><p class=\"stk-block-text__text has-text-align-justify\">Carteler\u00eda digital que transmite mensajes de manera din\u00e1mica, atraen la atenci\u00f3n del p\u00fablico y mejoran la experiencia del cliente, impulsando as\u00ed la interacci\u00f3n y el compromiso con la marca.<\/p><\/div>\n<\/div><\/div><\/div>\n<\/div><\/div>\n<\/div><\/div><\/div>\n\n\n\n<div class=\"wp-block-stackable-column stk-block-column stk-column stk-block stk-fd9e7d1\" data-v=\"4\" data-block-id=\"fd9e7d1\"><style>@media screen and (min-width:690px){.stk-fd9e7d1 {flex:var(--stk-flex-grow, 1) 1 25% !important;}}@media screen and (min-width:690px) and (max-width:999px){.stk-fd9e7d1 {flex:var(--stk-flex-grow, 1) 1 calc(50% - var(--stk-column-gap, 0px) * 1 \/ 2 ) !important;}}<\/style><div class=\"stk-column-wrapper stk-block-column__content stk-container stk-fd9e7d1-container stk--no-background stk--no-padding\"><div class=\"stk-block-content stk-inner-blocks stk-fd9e7d1-inner-blocks\">\n<div class=\"wp-block-stackable-heading stk-block-heading stk-block-heading--v2 stk-block stk-2454687\" id=\"home-office\" data-block-id=\"2454687\"><style>.stk-2454687 {margin-bottom:0px !important;}.stk-2454687 .stk-block-heading__text{font-size:20px !important;}@media screen and (max-width:999px){.stk-2454687 .stk-block-heading__text{font-size:20px !important;}}<\/style><h4 class=\"stk-block-heading__text has-text-align-center\">HOME OFFICE<\/h4><\/div>\n\n\n\n<div class=\"wp-block-stackable-columns stk-block-columns stk-block stk-357b292\" data-block-id=\"357b292\"><style>.stk-357b292 .stk--block-align-357b292{align-items:center !important;}<\/style><div class=\"stk-row stk-inner-blocks stk--block-align-357b292 stk-block-content stk-content-align stk-357b292-column\">\n<div class=\"wp-block-stackable-column stk-block-column stk-column stk-block stk-e85506b\" data-v=\"4\" data-block-id=\"e85506b\"><style>@media screen and (min-width:690px){.stk-e85506b {flex:var(--stk-flex-grow, 1) 1 calc(35% - var(--stk-column-gap, 0px) * 1 \/ 2 ) !important;}}<\/style><div class=\"stk-column-wrapper stk-block-column__content stk-container stk-e85506b-container stk--no-background stk--no-padding\"><div class=\"stk-block-content stk-inner-blocks stk-e85506b-inner-blocks\">\n<div class=\"wp-block-stackable-image stk-block-image stk-block stk-f877967\" data-block-id=\"f877967\"><style>.stk-f877967 .stk-img-wrapper img{filter:opacity(0.4) !important;}@media screen and (max-width:689px){.stk-f877967 .stk-img-wrapper{width:100px !important;}}<\/style><figure><span class=\"stk-img-wrapper stk-image--shape-stretch\"><img loading=\"lazy\" decoding=\"async\" class=\"stk-img wp-image-1480\" src=\"https:\/\/coet.pe\/wp-content\/uploads\/2025\/11\/hommeoffice-150x150.png\" width=\"150\" height=\"150\" srcset=\"https:\/\/coet.pe\/wp-content\/uploads\/2025\/11\/hommeoffice-150x150.png 150w, https:\/\/coet.pe\/wp-content\/uploads\/2025\/11\/hommeoffice-300x300.png 300w, https:\/\/coet.pe\/wp-content\/uploads\/2025\/11\/hommeoffice.png 512w\" sizes=\"auto, (max-width: 150px) 100vw, 150px\" \/><\/span><\/figure><\/div>\n<\/div><\/div><\/div>\n\n\n\n<div class=\"wp-block-stackable-column stk-block-column stk-column stk-block stk-970b32a\" data-v=\"4\" data-block-id=\"970b32a\"><style>@media screen and (min-width:690px){.stk-970b32a {flex:var(--stk-flex-grow, 1) 1 calc(65% - var(--stk-column-gap, 0px) * 1 \/ 2 ) !important;}}<\/style><div class=\"stk-column-wrapper stk-block-column__content stk-container stk-970b32a-container stk--no-background stk--no-padding\"><div class=\"stk-block-content stk-inner-blocks stk-970b32a-inner-blocks\">\n<div class=\"wp-block-stackable-text stk-block-text stk-block stk-ec5cea9\" data-block-id=\"ec5cea9\"><style>.stk-ec5cea9 .stk-block-text__text{font-size:12px !important;}@media screen and (max-width:999px){.stk-ec5cea9 .stk-block-text__text{font-size:12px !important;}}<\/style><p class=\"stk-block-text__text has-text-align-justify\">Equipos de alta calidad que contribuyen en garantizar la productividad y comodidad, creando un entorno \u00f3ptimo que favorece el rendimiento y el bienestar.<\/p><\/div>\n<\/div><\/div><\/div>\n<\/div><\/div>\n<\/div><\/div><\/div>\n<\/div><\/div>\n\n\n\n<p><\/p>\n","protected":false},"excerpt":{"rendered":"<p>CORPORATIVO Explore nuestras soluciones dise\u00f1adas para potenciar su empresa con lo \u00faltimo en tecnolog\u00eda digital. MEETING ROOM La tecnolog\u00eda digital, con pantallas interactivas, crean un espacio que potencia la colaboraci\u00f3n y la eficiencia en cada reuni\u00f3n, transformando la manera en que compartimos ideas y tomamos decisiones. SOLICITA INFORMACI\u00d3N BIG ROOM Tecnolog\u00eda para salas de reuniones [&hellip;]<\/p>\n","protected":false},"author":2,"featured_media":0,"parent":0,"menu_order":0,"comment_status":"closed","ping_status":"closed","template":"","meta":{"_themeisle_gutenberg_block_has_review":false,"footnotes":""},"class_list":["post-1260","page","type-page","status-publish","hentry"],"blocksy_meta":{"has_hero_section":"disabled","styles_descriptor":{"styles":{"desktop":"","tablet":"","mobile":""},"google_fonts":[],"version":6}},"_links":{"self":[{"href":"https:\/\/coet.pe\/index.php\/wp-json\/wp\/v2\/pages\/1260","targetHints":{"allow":["GET"]}}],"collection":[{"href":"https:\/\/coet.pe\/index.php\/wp-json\/wp\/v2\/pages"}],"about":[{"href":"https:\/\/coet.pe\/index.php\/wp-json\/wp\/v2\/types\/page"}],"author":[{"embeddable":true,"href":"https:\/\/coet.pe\/index.php\/wp-json\/wp\/v2\/users\/2"}],"replies":[{"embeddable":true,"href":"https:\/\/coet.pe\/index.php\/wp-json\/wp\/v2\/comments?post=1260"}],"version-history":[{"count":82,"href":"https:\/\/coet.pe\/index.php\/wp-json\/wp\/v2\/pages\/1260\/revisions"}],"predecessor-version":[{"id":1506,"href":"https:\/\/coet.pe\/index.php\/wp-json\/wp\/v2\/pages\/1260\/revisions\/1506"}],"wp:attachment":[{"href":"https:\/\/coet.pe\/index.php\/wp-json\/wp\/v2\/media?parent=1260"}],"curies":[{"name":"wp","href":"https:\/\/api.w.org\/{rel}","templated":true}]}}